{"id":14,"date":"2021-05-05T09:57:46","date_gmt":"2021-05-05T07:57:46","guid":{"rendered":"https:\/\/fiternet.fr\/wp2\/?page_id=14"},"modified":"2021-05-05T09:57:46","modified_gmt":"2021-05-05T07:57:46","slug":"forum","status":"publish","type":"page","link":"https:\/\/fiternet.fr\/wp2\/","title":{"rendered":"Forum"},"content":{"rendered":"\n\n<div id=\"bbpress-forums\" class=\"bbpress-wrapper\">\n\n\t\n\t<div class=\"bbp-search-form\">\n\t\t<form role=\"search\" method=\"get\" id=\"bbp-search-form\">\n\t\t\t<div>\n\t\t\t\t<label class=\"screen-reader-text hidden\" for=\"bbp_search\">Rechercher<\/label>\n\t\t\t\t<input type=\"hidden\" name=\"action\" value=\"bbp-search-request\" \/>\n\t\t\t\t<input type=\"text\" value=\"\" name=\"bbp_search\" id=\"bbp_search\" \/>\n\t\t\t\t<input class=\"button\" type=\"submit\" id=\"bbp_search_submit\" value=\"Rechercher\" \/>\n\t\t\t<\/div>\n\t\t<\/form>\n\t<\/div>\n\n\n\t<div class=\"bbp-breadcrumb\"><p><a href=\"https:\/\/fiternet.fr\/wp2\" class=\"bbp-breadcrumb-home\">Forum<\/a> <span class=\"bbp-breadcrumb-sep\">&rsaquo;<\/span> <span class=\"bbp-breadcrumb-current\">Forums<\/span><\/p><\/div>\n\t\n\t\n\t\n\t\t\n<div class=\"bbp-template-notice\">\n\t<ul>\n\t\t<li>Aucun forum n\u2019a \u00e9t\u00e9 trouv\u00e9 ici.<\/li>\n\t<\/ul>\n<\/div>\n\n\t\n\t\n<\/div>\n\n","protected":false},"excerpt":{"rendered":"","protected":false},"author":1,"featured_media":0,"parent":0,"menu_order":0,"comment_status":"closed","ping_status":"closed","template":"","meta":{"_bbp_topic_count":0,"_bbp_reply_count":0,"_bbp_total_topic_count":0,"_bbp_total_reply_count":0,"_bbp_voice_count":0,"_bbp_anonymous_reply_count":0,"_bbp_topic_count_hidden":0,"_bbp_reply_count_hidden":0,"_bbp_forum_subforum_count":0},"_links":{"self":[{"href":"https:\/\/fiternet.fr\/wp2\/wp-json\/wp\/v2\/pages\/14"}],"collection":[{"href":"https:\/\/fiternet.fr\/wp2\/wp-json\/wp\/v2\/pages"}],"about":[{"href":"https:\/\/fiternet.fr\/wp2\/wp-json\/wp\/v2\/types\/page"}],"author":[{"embeddable":true,"href":"https:\/\/fiternet.fr\/wp2\/wp-json\/wp\/v2\/users\/1"}],"replies":[{"embeddable":true,"href":"https:\/\/fiternet.fr\/wp2\/wp-json\/wp\/v2\/comments?post=14"}],"version-history":[{"count":2,"href":"https:\/\/fiternet.fr\/wp2\/wp-json\/wp\/v2\/pages\/14\/revisions"}],"predecessor-version":[{"id":16,"href":"https:\/\/fiternet.fr\/wp2\/wp-json\/wp\/v2\/pages\/14\/revisions\/16"}],"wp:attachment":[{"href":"https:\/\/fiternet.fr\/wp2\/wp-json\/wp\/v2\/media?parent=14"}],"curies":[{"name":"wp","href":"https:\/\/api.w.org\/{rel}","templated":true}]}}